{"id":1478,"date":"2026-04-15T13:45:17","date_gmt":"2026-04-15T11:45:17","guid":{"rendered":"https:\/\/d-unas.com.mx\/mx\/?page_id=1478"},"modified":"2026-04-15T13:52:11","modified_gmt":"2026-04-15T11:52:11","slug":"peluqueria","status":"publish","type":"page","link":"https:\/\/d-unas.com.mx\/mx\/peluqueria\/","title":{"rendered":"Peluqueria"},"content":{"rendered":"\t\t<div data-elementor-type=\"wp-page\" data-elementor-id=\"1478\" class=\"elementor elementor-1478\" data-elementor-post-type=\"page\">\n\t\t\t\t<div class=\"elementor-element elementor-element-e6c8072 e-flex e-con-boxed e-con e-parent\" data-id=\"e6c8072\" data-element_type=\"container\" data-e-type=\"container\" data-settings=\"{&quot;background_background&quot;:&quot;classic&quot;}\">\n\t\t\t\t\t<div class=\"e-con-inner\">\n\t\t<div class=\"elementor-element elementor-element-4fba683f e-con-full e-flex e-con e-child\" data-id=\"4fba683f\" data-element_type=\"container\" data-e-type=\"container\">\n\t\t<div class=\"elementor-element elementor-element-2f939b71 e-con-full e-flex e-con e-child\" data-id=\"2f939b71\" data-element_type=\"container\" data-e-type=\"container\">\n\t\t\t\t<div class=\"elementor-element elementor-element-3ecab31d elementor-widget elementor-widget-heading\" data-id=\"3ecab31d\" data-element_type=\"widget\" data-e-type=\"widget\" data-widget_type=\"heading.default\">\n\t\t\t\t<div class=\"elementor-widget-container\">\n\t\t\t\t\t<h1 class=\"elementor-heading-title elementor-size-default\">PELUQUER\u00cdA<\/h1>\t\t\t\t<\/div>\n\t\t\t\t<\/div>\n\t\t\t\t<\/div>\n\t\t<div class=\"elementor-element elementor-element-457d086 e-con-full e-flex e-con e-child\" data-id=\"457d086\" data-element_type=\"container\" data-e-type=\"container\">\n\t\t\t\t<div class=\"elementor-element elementor-element-1616d864 elementor-widget elementor-widget-heading\" data-id=\"1616d864\" data-element_type=\"widget\" data-e-type=\"widget\" data-widget_type=\"heading.default\">\n\t\t\t\t<div class=\"elementor-widget-container\">\n\t\t\t\t\t<h2 class=\"elementor-heading-title elementor-size-default\"><a href=\"\">Hair &amp; Color<\/a><\/h2>\t\t\t\t<\/div>\n\t\t\t\t<\/div>\n\t\t\t\t<\/div>\n\t\t<div class=\"elementor-element elementor-element-790be052 e-con-full e-flex e-con e-child\" data-id=\"790be052\" data-element_type=\"container\" data-e-type=\"container\">\n\t\t\t\t<div class=\"elementor-element elementor-element-63c34996 elementor-align-center elementor-widget elementor-widget-button\" data-id=\"63c34996\" data-element_type=\"widget\" data-e-type=\"widget\" data-widget_type=\"button.default\">\n\t\t\t\t<div class=\"elementor-widget-container\">\n\t\t\t\t\t\t\t\t\t<div class=\"elementor-button-wrapper\">\n\t\t\t\t\t<a class=\"elementor-button elementor-button-link elementor-size-sm\" href=\"https:\/\/d-unas.com\/reservacita\/formulario_generico\/formulario_generico.php?ClientRefererID=144\" target=\"_blank\">\n\t\t\t\t\t\t<span class=\"elementor-button-content-wrapper\">\n\t\t\t\t\t\t\t\t\t<span class=\"elementor-button-text\">PIDE CITA<\/span>\n\t\t\t\t\t<\/span>\n\t\t\t\t\t<\/a>\n\t\t\t\t<\/div>\n\t\t\t\t\t\t\t\t<\/div>\n\t\t\t\t<\/div>\n\t\t\t\t<\/div>\n\t\t\t\t<\/div>\n\t\t\t\t\t<\/div>\n\t\t\t\t<\/div>\n\t\t<div class=\"elementor-element elementor-element-58eaca40 e-flex e-con-boxed e-con e-parent\" data-id=\"58eaca40\" data-element_type=\"container\" data-e-type=\"container\" data-settings=\"{&quot;background_background&quot;:&quot;classic&quot;}\">\n\t\t\t\t\t<div class=\"e-con-inner\">\n\t\t<div class=\"elementor-element elementor-element-23777daa e-con-full e-flex e-con e-child\" data-id=\"23777daa\" data-element_type=\"container\" data-e-type=\"container\">\n\t\t\t\t<div class=\"elementor-element elementor-element-c608fd0 elementor-widget elementor-widget-heading\" data-id=\"c608fd0\" data-element_type=\"widget\" data-e-type=\"widget\" data-widget_type=\"heading.default\">\n\t\t\t\t<div class=\"elementor-widget-container\">\n\t\t\t\t\t<h2 class=\"elementor-heading-title elementor-size-default\">SERVICIO COMPLETO DE PELUQUER\u00cdA<\/h2>\t\t\t\t<\/div>\n\t\t\t\t<\/div>\n\t\t\t\t<div class=\"elementor-element elementor-element-591bb1fa elementor-widget elementor-widget-heading\" data-id=\"591bb1fa\" data-element_type=\"widget\" data-e-type=\"widget\" data-widget_type=\"heading.default\">\n\t\t\t\t<div class=\"elementor-widget-container\">\n\t\t\t\t\t<h2 class=\"elementor-heading-title elementor-size-default\">Asesoramiento, peinado y cuidado para el pelo<\/h2>\t\t\t\t<\/div>\n\t\t\t\t<\/div>\n\t\t\t\t<div class=\"elementor-element elementor-element-3c012f9 elementor-widget elementor-widget-text-editor\" data-id=\"3c012f9\" data-element_type=\"widget\" data-e-type=\"widget\" data-widget_type=\"text-editor.default\">\n\t\t\t\t<div class=\"elementor-widget-container\">\n\t\t\t\t\t\t\t\t\t<p>Disponemos de un completo servicio de peluquer\u00eda atendido por excelentes profesionales que te asesorar\u00e1n en todo lo que necesites sobre \u00faltimas tendencias en peinados y color, as\u00ed como cuidados para tu cabello, siempre utilizando la mejor cosm\u00e9tica para tu pelo.<\/p>\t\t\t\t\t\t\t\t<\/div>\n\t\t\t\t<\/div>\n\t\t\t\t<div class=\"elementor-element elementor-element-4d5b8177 elementor-align-center elementor-widget elementor-widget-button\" data-id=\"4d5b8177\" data-element_type=\"widget\" data-e-type=\"widget\" data-widget_type=\"button.default\">\n\t\t\t\t<div class=\"elementor-widget-container\">\n\t\t\t\t\t\t\t\t\t<div class=\"elementor-button-wrapper\">\n\t\t\t\t\t<a class=\"elementor-button elementor-button-link elementor-size-sm\" href=\"https:\/\/d-unas.com\/reservacita\/formulario_generico\/formulario_generico.php?ClientRefererID=144\" target=\"_blank\">\n\t\t\t\t\t\t<span class=\"elementor-button-content-wrapper\">\n\t\t\t\t\t\t\t\t\t<span class=\"elementor-button-text\">PIDE CITA<\/span>\n\t\t\t\t\t<\/span>\n\t\t\t\t\t<\/a>\n\t\t\t\t<\/div>\n\t\t\t\t\t\t\t\t<\/div>\n\t\t\t\t<\/div>\n\t\t\t\t<\/div>\n\t\t<div class=\"elementor-element elementor-element-47ac8a74 e-con-full e-flex e-con e-child\" data-id=\"47ac8a74\" data-element_type=\"container\" data-e-type=\"container\">\n\t\t\t\t<div class=\"elementor-element elementor-element-296920e3 elementor-widget elementor-widget-image\" data-id=\"296920e3\" data-element_type=\"widget\" data-e-type=\"widget\" data-widget_type=\"image.default\">\n\t\t\t\t<div class=\"elementor-widget-container\">\n\t\t\t\t\t\t\t\t\t\t\t\t\t\t\t<img fetchpriority=\"high\" decoding=\"async\" width=\"500\" height=\"550\" src=\"https:\/\/d-unas.com.mx\/mx\/wp-content\/uploads\/2026\/04\/peluqueria-d-unas-500x550-1.jpg\" class=\"attachment-medium_large size-medium_large wp-image-1472\" alt=\"\" srcset=\"https:\/\/d-unas.com.mx\/mx\/wp-content\/uploads\/2026\/04\/peluqueria-d-unas-500x550-1.jpg 500w, https:\/\/d-unas.com.mx\/mx\/wp-content\/uploads\/2026\/04\/peluqueria-d-unas-500x550-1-273x300.jpg 273w\" sizes=\"(max-width: 500px) 100vw, 500px\" \/>\t\t\t\t\t\t\t\t\t\t\t\t\t\t\t<\/div>\n\t\t\t\t<\/div>\n\t\t\t\t<\/div>\n\t\t\t\t\t<\/div>\n\t\t\t\t<\/div>\n\t\t<div class=\"elementor-element elementor-element-5bc3e607 e-flex e-con-boxed e-con e-parent\" data-id=\"5bc3e607\" data-element_type=\"container\" data-e-type=\"container\">\n\t\t\t\t\t<div class=\"e-con-inner\">\n\t\t<div class=\"elementor-element elementor-element-2436fb36 e-con-full e-flex e-con e-child\" data-id=\"2436fb36\" data-element_type=\"container\" data-e-type=\"container\">\n\t\t\t\t<div class=\"elementor-element elementor-element-ab3f4b5 elementor-widget elementor-widget-image\" data-id=\"ab3f4b5\" data-element_type=\"widget\" data-e-type=\"widget\" data-widget_type=\"image.default\">\n\t\t\t\t<div class=\"elementor-widget-container\">\n\t\t\t\t\t\t\t\t\t\t\t\t\t\t\t<img decoding=\"async\" width=\"580\" height=\"387\" src=\"https:\/\/d-unas.com.mx\/mx\/wp-content\/uploads\/2026\/04\/the-hair-corner-d-unas-1000x667-1-800x534-1-768x513.jpg\" class=\"attachment-medium_large size-medium_large wp-image-1473\" alt=\"\" srcset=\"https:\/\/d-unas.com.mx\/mx\/wp-content\/uploads\/2026\/04\/the-hair-corner-d-unas-1000x667-1-800x534-1-768x513.jpg 768w, https:\/\/d-unas.com.mx\/mx\/wp-content\/uploads\/2026\/04\/the-hair-corner-d-unas-1000x667-1-800x534-1-300x200.jpg 300w, https:\/\/d-unas.com.mx\/mx\/wp-content\/uploads\/2026\/04\/the-hair-corner-d-unas-1000x667-1-800x534-1.jpg 800w\" sizes=\"(max-width: 580px) 100vw, 580px\" \/>\t\t\t\t\t\t\t\t\t\t\t\t\t\t\t<\/div>\n\t\t\t\t<\/div>\n\t\t\t\t<\/div>\n\t\t<div class=\"elementor-element elementor-element-43827c7b e-con-full e-flex e-con e-child\" data-id=\"43827c7b\" data-element_type=\"container\" data-e-type=\"container\">\n\t\t\t\t<div class=\"elementor-element elementor-element-19ac244e elementor-widget elementor-widget-heading\" data-id=\"19ac244e\" data-element_type=\"widget\" data-e-type=\"widget\" data-widget_type=\"heading.default\">\n\t\t\t\t<div class=\"elementor-widget-container\">\n\t\t\t\t\t<h2 class=\"elementor-heading-title elementor-size-default\">THE HAIR CORNER<\/h2>\t\t\t\t<\/div>\n\t\t\t\t<\/div>\n\t\t\t\t<div class=\"elementor-element elementor-element-1540095b elementor-widget elementor-widget-heading\" data-id=\"1540095b\" data-element_type=\"widget\" data-e-type=\"widget\" data-widget_type=\"heading.default\">\n\t\t\t\t<div class=\"elementor-widget-container\">\n\t\t\t\t\t<h2 class=\"elementor-heading-title elementor-size-default\">Para se\u00f1ora, caballero y ni\u00f1os<\/h2>\t\t\t\t<\/div>\n\t\t\t\t<\/div>\n\t\t\t\t<div class=\"elementor-element elementor-element-68f9506 elementor-widget elementor-widget-text-editor\" data-id=\"68f9506\" data-element_type=\"widget\" data-e-type=\"widget\" data-widget_type=\"text-editor.default\">\n\t\t\t\t<div class=\"elementor-widget-container\">\n\t\t\t\t\t\t\t\t\t<ul>\n<li>Corte<\/li>\n<li>Peinados<\/li>\n<li>Recogidos<\/li>\n<li>Tinte<\/li>\n<li>Alisados<\/li>\n<li>Moldeados<\/li>\n<li>Mechas\u00a0<\/li>\n<li>Permanentes<\/li>\n<li>Tratamientos<\/li>\n<\/ul>\t\t\t\t\t\t\t\t<\/div>\n\t\t\t\t<\/div>\n\t\t\t\t<\/div>\n\t\t\t\t\t<\/div>\n\t\t\t\t<\/div>\n\t\t<div class=\"elementor-element elementor-element-47aa6556 e-con-full e-flex e-con e-parent\" data-id=\"47aa6556\" data-element_type=\"container\" data-e-type=\"container\" data-settings=\"{&quot;background_background&quot;:&quot;classic&quot;}\">\n\t\t<div class=\"elementor-element elementor-element-67609f78 e-flex e-con-boxed e-con e-child\" data-id=\"67609f78\" data-element_type=\"container\" data-e-type=\"container\" data-settings=\"{&quot;background_background&quot;:&quot;classic&quot;}\">\n\t\t\t\t\t<div class=\"e-con-inner\">\n\t\t<div class=\"elementor-element elementor-element-2f5e588c e-con-full e-flex e-con e-child\" data-id=\"2f5e588c\" data-element_type=\"container\" data-e-type=\"container\">\n\t\t\t\t<div class=\"elementor-element elementor-element-5e99cb82 elementor-widget elementor-widget-heading\" data-id=\"5e99cb82\" data-element_type=\"widget\" data-e-type=\"widget\" data-widget_type=\"heading.default\">\n\t\t\t\t<div class=\"elementor-widget-container\">\n\t\t\t\t\t<h4 class=\"elementor-heading-title elementor-size-default\">Desc\u00e1rgate nuestra App<\/h4>\t\t\t\t<\/div>\n\t\t\t\t<\/div>\n\t\t\t\t<div class=\"elementor-element elementor-element-5ec56f13 elementor-widget elementor-widget-heading\" data-id=\"5ec56f13\" data-element_type=\"widget\" data-e-type=\"widget\" data-widget_type=\"heading.default\">\n\t\t\t\t<div class=\"elementor-widget-container\">\n\t\t\t\t\t<h4 class=\"elementor-heading-title elementor-size-default\">DESCUBRE TODAS SUS VENTAJAS AQU\u00cd<\/h4>\t\t\t\t<\/div>\n\t\t\t\t<\/div>\n\t\t<div class=\"elementor-element elementor-element-7645cc95 e-con-full e-flex e-con e-child\" data-id=\"7645cc95\" data-element_type=\"container\" data-e-type=\"container\">\n\t\t\t\t<div class=\"elementor-element elementor-element-7868dd01 elementor-widget elementor-widget-image\" data-id=\"7868dd01\" data-element_type=\"widget\" data-e-type=\"widget\" data-widget_type=\"image.default\">\n\t\t\t\t<div class=\"elementor-widget-container\">\n\t\t\t\t\t\t\t\t\t\t\t\t\t\t\t\t<a href=\"https:\/\/www.d-unas.com\/ios\/\" target=\"_blank\">\n\t\t\t\t\t\t\t<img decoding=\"async\" width=\"150\" height=\"52\" src=\"https:\/\/d-unas.com.mx\/mx\/wp-content\/uploads\/2026\/04\/app_store.jpg-150x52-1.png\" class=\"attachment-full size-full wp-image-1433\" alt=\"\" \/>\t\t\t\t\t\t\t\t<\/a>\n\t\t\t\t\t\t\t\t\t\t\t\t\t\t\t<\/div>\n\t\t\t\t<\/div>\n\t\t\t\t<div class=\"elementor-element elementor-element-51330d8e elementor-widget elementor-widget-image\" data-id=\"51330d8e\" data-element_type=\"widget\" data-e-type=\"widget\" data-widget_type=\"image.default\">\n\t\t\t\t<div class=\"elementor-widget-container\">\n\t\t\t\t\t\t\t\t\t\t\t\t\t\t\t\t<a href=\"https:\/\/www.d-unas.com\/android\/\" target=\"_blank\">\n\t\t\t\t\t\t\t<img loading=\"lazy\" decoding=\"async\" width=\"150\" height=\"52\" src=\"https:\/\/d-unas.com.mx\/mx\/wp-content\/uploads\/2026\/04\/Google_Play-150x52-1.png\" class=\"attachment-full size-full wp-image-1434\" alt=\"\" \/>\t\t\t\t\t\t\t\t<\/a>\n\t\t\t\t\t\t\t\t\t\t\t\t\t\t\t<\/div>\n\t\t\t\t<\/div>\n\t\t\t\t<\/div>\n\t\t\t\t<\/div>\n\t\t<div class=\"elementor-element elementor-element-1f725505 e-con-full e-flex e-con e-child\" data-id=\"1f725505\" data-element_type=\"container\" data-e-type=\"container\">\n\t\t\t\t<div class=\"elementor-element elementor-element-2931c722 elementor-widget elementor-widget-image\" data-id=\"2931c722\" data-element_type=\"widget\" data-e-type=\"widget\" data-widget_type=\"image.default\">\n\t\t\t\t<div class=\"elementor-widget-container\">\n\t\t\t\t\t\t\t\t\t\t\t\t\t\t\t<img loading=\"lazy\" decoding=\"async\" width=\"300\" height=\"255\" src=\"https:\/\/d-unas.com.mx\/mx\/wp-content\/uploads\/2026\/04\/app-movil-d-unas-cuadrado-300x255-1.png\" class=\"attachment-full size-full wp-image-1435\" alt=\"\" \/>\t\t\t\t\t\t\t\t\t\t\t\t\t\t\t<\/div>\n\t\t\t\t<\/div>\n\t\t\t\t<\/div>\n\t\t\t\t\t<\/div>\n\t\t\t\t<\/div>\n\t\t\t\t<\/div>\n\t\t\t\t<\/div>\n\t\t","protected":false},"excerpt":{"rendered":"<p>PELUQUER\u00cdA Hair &amp; Color PIDE CITA SERVICIO COMPLETO DE PELUQUER\u00cdA Asesoramiento, peinado y cuidado para el pelo Disponemos de un completo servicio de peluquer\u00eda atendido por excelentes profesionales que te asesorar\u00e1n en todo lo que necesites sobre \u00faltimas tendencias en peinados y color, as\u00ed como cuidados para tu cabello, siempre utilizando la mejor cosm\u00e9tica para [&hellip;]<\/p>\n","protected":false},"author":5,"featured_media":0,"parent":0,"menu_order":0,"comment_status":"closed","ping_status":"closed","template":"elementor_header_footer","meta":{"content-type":"","footnotes":""},"class_list":["post-1478","page","type-page","status-publish","hentry"],"yoast_head":"<!-- This site is optimized with the Yoast SEO plugin v27.4 - https:\/\/yoast.com\/product\/yoast-seo-wordpress\/ -->\n<title>Peluqueria - d-unas<\/title>\n<meta name=\"robots\" content=\"index, follow, max-snippet:-1, max-image-preview:large, max-video-preview:-1\" \/>\n<link rel=\"canonical\" href=\"https:\/\/d-unas.com.mx\/mx\/peluqueria\/\" \/>\n<meta property=\"og:locale\" content=\"es_ES\" \/>\n<meta property=\"og:type\" content=\"article\" \/>\n<meta property=\"og:title\" content=\"Peluqueria - d-unas\" \/>\n<meta property=\"og:description\" content=\"PELUQUER\u00cdA Hair &amp; Color PIDE CITA SERVICIO COMPLETO DE PELUQUER\u00cdA Asesoramiento, peinado y cuidado para el pelo Disponemos de un completo servicio de peluquer\u00eda atendido por excelentes profesionales que te asesorar\u00e1n en todo lo que necesites sobre \u00faltimas tendencias en peinados y color, as\u00ed como cuidados para tu cabello, siempre utilizando la mejor cosm\u00e9tica para [&hellip;]\" \/>\n<meta property=\"og:url\" content=\"https:\/\/d-unas.com.mx\/mx\/peluqueria\/\" \/>\n<meta property=\"og:site_name\" content=\"d-unas\" \/>\n<meta property=\"article:modified_time\" content=\"2026-04-15T11:52:11+00:00\" \/>\n<meta property=\"og:image\" content=\"https:\/\/d-unas.com.mx\/mx\/wp-content\/uploads\/2026\/04\/peluqueria-d-unas-500x550-1.jpg\" \/>\n\t<meta property=\"og:image:width\" content=\"500\" \/>\n\t<meta property=\"og:image:height\" content=\"550\" \/>\n\t<meta property=\"og:image:type\" content=\"image\/jpeg\" \/>\n<meta name=\"twitter:card\" content=\"summary_large_image\" \/>\n<meta name=\"twitter:label1\" content=\"Tiempo de lectura\" \/>\n\t<meta name=\"twitter:data1\" content=\"2 minutos\" \/>\n<script type=\"application\/ld+json\" class=\"yoast-schema-graph\">{\"@context\":\"https:\\\/\\\/schema.org\",\"@graph\":[{\"@type\":\"WebPage\",\"@id\":\"https:\\\/\\\/d-unas.com.mx\\\/mx\\\/peluqueria\\\/\",\"url\":\"https:\\\/\\\/d-unas.com.mx\\\/mx\\\/peluqueria\\\/\",\"name\":\"Peluqueria - d-unas\",\"isPartOf\":{\"@id\":\"https:\\\/\\\/d-unas.com.mx\\\/mx\\\/#website\"},\"primaryImageOfPage\":{\"@id\":\"https:\\\/\\\/d-unas.com.mx\\\/mx\\\/peluqueria\\\/#primaryimage\"},\"image\":{\"@id\":\"https:\\\/\\\/d-unas.com.mx\\\/mx\\\/peluqueria\\\/#primaryimage\"},\"thumbnailUrl\":\"https:\\\/\\\/d-unas.com.mx\\\/mx\\\/wp-content\\\/uploads\\\/2026\\\/04\\\/peluqueria-d-unas-500x550-1.jpg\",\"datePublished\":\"2026-04-15T11:45:17+00:00\",\"dateModified\":\"2026-04-15T11:52:11+00:00\",\"breadcrumb\":{\"@id\":\"https:\\\/\\\/d-unas.com.mx\\\/mx\\\/peluqueria\\\/#breadcrumb\"},\"inLanguage\":\"es\",\"potentialAction\":[{\"@type\":\"ReadAction\",\"target\":[\"https:\\\/\\\/d-unas.com.mx\\\/mx\\\/peluqueria\\\/\"]}]},{\"@type\":\"ImageObject\",\"inLanguage\":\"es\",\"@id\":\"https:\\\/\\\/d-unas.com.mx\\\/mx\\\/peluqueria\\\/#primaryimage\",\"url\":\"https:\\\/\\\/d-unas.com.mx\\\/mx\\\/wp-content\\\/uploads\\\/2026\\\/04\\\/peluqueria-d-unas-500x550-1.jpg\",\"contentUrl\":\"https:\\\/\\\/d-unas.com.mx\\\/mx\\\/wp-content\\\/uploads\\\/2026\\\/04\\\/peluqueria-d-unas-500x550-1.jpg\",\"width\":500,\"height\":550},{\"@type\":\"BreadcrumbList\",\"@id\":\"https:\\\/\\\/d-unas.com.mx\\\/mx\\\/peluqueria\\\/#breadcrumb\",\"itemListElement\":[{\"@type\":\"ListItem\",\"position\":1,\"name\":\"Portada\",\"item\":\"https:\\\/\\\/d-unas.com.mx\\\/mx\\\/\"},{\"@type\":\"ListItem\",\"position\":2,\"name\":\"Peluqueria\"}]},{\"@type\":\"WebSite\",\"@id\":\"https:\\\/\\\/d-unas.com.mx\\\/mx\\\/#website\",\"url\":\"https:\\\/\\\/d-unas.com.mx\\\/mx\\\/\",\"name\":\"d-unas\",\"description\":\"\",\"publisher\":{\"@id\":\"https:\\\/\\\/d-unas.com.mx\\\/mx\\\/#organization\"},\"potentialAction\":[{\"@type\":\"SearchAction\",\"target\":{\"@type\":\"EntryPoint\",\"urlTemplate\":\"https:\\\/\\\/d-unas.com.mx\\\/mx\\\/?s={search_term_string}\"},\"query-input\":{\"@type\":\"PropertyValueSpecification\",\"valueRequired\":true,\"valueName\":\"search_term_string\"}}],\"inLanguage\":\"es\"},{\"@type\":\"Organization\",\"@id\":\"https:\\\/\\\/d-unas.com.mx\\\/mx\\\/#organization\",\"name\":\"d-unas\",\"url\":\"https:\\\/\\\/d-unas.com.mx\\\/mx\\\/\",\"logo\":{\"@type\":\"ImageObject\",\"inLanguage\":\"es\",\"@id\":\"https:\\\/\\\/d-unas.com.mx\\\/mx\\\/#\\\/schema\\\/logo\\\/image\\\/\",\"url\":\"https:\\\/\\\/d-unas.com.mx\\\/mx\\\/wp-content\\\/uploads\\\/2026\\\/04\\\/LOGO-D-UNAS.png\",\"contentUrl\":\"https:\\\/\\\/d-unas.com.mx\\\/mx\\\/wp-content\\\/uploads\\\/2026\\\/04\\\/LOGO-D-UNAS.png\",\"width\":349,\"height\":97,\"caption\":\"d-unas\"},\"image\":{\"@id\":\"https:\\\/\\\/d-unas.com.mx\\\/mx\\\/#\\\/schema\\\/logo\\\/image\\\/\"}}]}<\/script>\n<!-- \/ Yoast SEO plugin. -->","yoast_head_json":{"title":"Peluqueria - d-unas","robots":{"index":"index","follow":"follow","max-snippet":"max-snippet:-1","max-image-preview":"max-image-preview:large","max-video-preview":"max-video-preview:-1"},"canonical":"https:\/\/d-unas.com.mx\/mx\/peluqueria\/","og_locale":"es_ES","og_type":"article","og_title":"Peluqueria - d-unas","og_description":"PELUQUER\u00cdA Hair &amp; Color PIDE CITA SERVICIO COMPLETO DE PELUQUER\u00cdA Asesoramiento, peinado y cuidado para el pelo Disponemos de un completo servicio de peluquer\u00eda atendido por excelentes profesionales que te asesorar\u00e1n en todo lo que necesites sobre \u00faltimas tendencias en peinados y color, as\u00ed como cuidados para tu cabello, siempre utilizando la mejor cosm\u00e9tica para [&hellip;]","og_url":"https:\/\/d-unas.com.mx\/mx\/peluqueria\/","og_site_name":"d-unas","article_modified_time":"2026-04-15T11:52:11+00:00","og_image":[{"width":500,"height":550,"url":"https:\/\/d-unas.com.mx\/mx\/wp-content\/uploads\/2026\/04\/peluqueria-d-unas-500x550-1.jpg","type":"image\/jpeg"}],"twitter_card":"summary_large_image","twitter_misc":{"Tiempo de lectura":"2 minutos"},"schema":{"@context":"https:\/\/schema.org","@graph":[{"@type":"WebPage","@id":"https:\/\/d-unas.com.mx\/mx\/peluqueria\/","url":"https:\/\/d-unas.com.mx\/mx\/peluqueria\/","name":"Peluqueria - d-unas","isPartOf":{"@id":"https:\/\/d-unas.com.mx\/mx\/#website"},"primaryImageOfPage":{"@id":"https:\/\/d-unas.com.mx\/mx\/peluqueria\/#primaryimage"},"image":{"@id":"https:\/\/d-unas.com.mx\/mx\/peluqueria\/#primaryimage"},"thumbnailUrl":"https:\/\/d-unas.com.mx\/mx\/wp-content\/uploads\/2026\/04\/peluqueria-d-unas-500x550-1.jpg","datePublished":"2026-04-15T11:45:17+00:00","dateModified":"2026-04-15T11:52:11+00:00","breadcrumb":{"@id":"https:\/\/d-unas.com.mx\/mx\/peluqueria\/#breadcrumb"},"inLanguage":"es","potentialAction":[{"@type":"ReadAction","target":["https:\/\/d-unas.com.mx\/mx\/peluqueria\/"]}]},{"@type":"ImageObject","inLanguage":"es","@id":"https:\/\/d-unas.com.mx\/mx\/peluqueria\/#primaryimage","url":"https:\/\/d-unas.com.mx\/mx\/wp-content\/uploads\/2026\/04\/peluqueria-d-unas-500x550-1.jpg","contentUrl":"https:\/\/d-unas.com.mx\/mx\/wp-content\/uploads\/2026\/04\/peluqueria-d-unas-500x550-1.jpg","width":500,"height":550},{"@type":"BreadcrumbList","@id":"https:\/\/d-unas.com.mx\/mx\/peluqueria\/#breadcrumb","itemListElement":[{"@type":"ListItem","position":1,"name":"Portada","item":"https:\/\/d-unas.com.mx\/mx\/"},{"@type":"ListItem","position":2,"name":"Peluqueria"}]},{"@type":"WebSite","@id":"https:\/\/d-unas.com.mx\/mx\/#website","url":"https:\/\/d-unas.com.mx\/mx\/","name":"d-unas","description":"","publisher":{"@id":"https:\/\/d-unas.com.mx\/mx\/#organization"},"potentialAction":[{"@type":"SearchAction","target":{"@type":"EntryPoint","urlTemplate":"https:\/\/d-unas.com.mx\/mx\/?s={search_term_string}"},"query-input":{"@type":"PropertyValueSpecification","valueRequired":true,"valueName":"search_term_string"}}],"inLanguage":"es"},{"@type":"Organization","@id":"https:\/\/d-unas.com.mx\/mx\/#organization","name":"d-unas","url":"https:\/\/d-unas.com.mx\/mx\/","logo":{"@type":"ImageObject","inLanguage":"es","@id":"https:\/\/d-unas.com.mx\/mx\/#\/schema\/logo\/image\/","url":"https:\/\/d-unas.com.mx\/mx\/wp-content\/uploads\/2026\/04\/LOGO-D-UNAS.png","contentUrl":"https:\/\/d-unas.com.mx\/mx\/wp-content\/uploads\/2026\/04\/LOGO-D-UNAS.png","width":349,"height":97,"caption":"d-unas"},"image":{"@id":"https:\/\/d-unas.com.mx\/mx\/#\/schema\/logo\/image\/"}}]}},"_links":{"self":[{"href":"https:\/\/d-unas.com.mx\/mx\/wp-json\/wp\/v2\/pages\/1478","targetHints":{"allow":["GET"]}}],"collection":[{"href":"https:\/\/d-unas.com.mx\/mx\/wp-json\/wp\/v2\/pages"}],"about":[{"href":"https:\/\/d-unas.com.mx\/mx\/wp-json\/wp\/v2\/types\/page"}],"author":[{"embeddable":true,"href":"https:\/\/d-unas.com.mx\/mx\/wp-json\/wp\/v2\/users\/5"}],"replies":[{"embeddable":true,"href":"https:\/\/d-unas.com.mx\/mx\/wp-json\/wp\/v2\/comments?post=1478"}],"version-history":[{"count":7,"href":"https:\/\/d-unas.com.mx\/mx\/wp-json\/wp\/v2\/pages\/1478\/revisions"}],"predecessor-version":[{"id":1486,"href":"https:\/\/d-unas.com.mx\/mx\/wp-json\/wp\/v2\/pages\/1478\/revisions\/1486"}],"wp:attachment":[{"href":"https:\/\/d-unas.com.mx\/mx\/wp-json\/wp\/v2\/media?parent=1478"}],"curies":[{"name":"wp","href":"https:\/\/api.w.org\/{rel}","templated":true}]}}