{"id":1563,"date":"2026-04-15T18:27:29","date_gmt":"2026-04-15T16:27:29","guid":{"rendered":"https:\/\/d-unas.com.mx\/mx\/?page_id=1563"},"modified":"2026-04-15T18:30:47","modified_gmt":"2026-04-15T16:30:47","slug":"somos-ecobeauty","status":"publish","type":"page","link":"https:\/\/d-unas.com.mx\/mx\/somos-ecobeauty\/","title":{"rendered":"Somos-ecobeauty"},"content":{"rendered":"\t\t<div data-elementor-type=\"wp-page\" data-elementor-id=\"1563\" class=\"elementor elementor-1563\" data-elementor-post-type=\"page\">\n\t\t\t\t<div class=\"elementor-element elementor-element-5ef88a8 e-con-full e-flex e-con e-parent\" data-id=\"5ef88a8\" data-element_type=\"container\" data-e-type=\"container\" data-settings=\"{&quot;background_background&quot;:&quot;classic&quot;}\">\n\t\t<div class=\"elementor-element elementor-element-eaa4200 e-flex e-con-boxed e-con e-child\" data-id=\"eaa4200\" data-element_type=\"container\" data-e-type=\"container\">\n\t\t\t\t\t<div class=\"e-con-inner\">\n\t\t\t\t<div class=\"elementor-element elementor-element-559db54 elementor-widget elementor-widget-heading\" data-id=\"559db54\" data-element_type=\"widget\" data-e-type=\"widget\" data-widget_type=\"heading.default\">\n\t\t\t\t<div class=\"elementor-widget-container\">\n\t\t\t\t\t<h2 class=\"elementor-heading-title elementor-size-default\">Somos Ecobeauty<\/h2>\t\t\t\t<\/div>\n\t\t\t\t<\/div>\n\t\t\t\t<div class=\"elementor-element elementor-element-75eead2 elementor-widget elementor-widget-heading\" data-id=\"75eead2\" data-element_type=\"widget\" data-e-type=\"widget\" data-widget_type=\"heading.default\">\n\t\t\t\t<div class=\"elementor-widget-container\">\n\t\t\t\t\t<h2 class=\"elementor-heading-title elementor-size-default\">Equilibrio entre Belleza y Sostenibilidad<\/h2>\t\t\t\t<\/div>\n\t\t\t\t<\/div>\n\t\t\t\t\t<\/div>\n\t\t\t\t<\/div>\n\t\t\t\t<\/div>\n\t\t<div class=\"elementor-element elementor-element-8e9eb06 e-flex e-con-boxed e-con e-parent\" data-id=\"8e9eb06\" data-element_type=\"container\" data-e-type=\"container\" data-settings=\"{&quot;background_background&quot;:&quot;classic&quot;}\">\n\t\t\t\t\t<div class=\"e-con-inner\">\n\t\t<div class=\"elementor-element elementor-element-6777dac e-con-full e-flex e-con e-child\" data-id=\"6777dac\" data-element_type=\"container\" data-e-type=\"container\">\n\t\t\t\t<div class=\"elementor-element elementor-element-a2df6a5 elementor-widget__width-initial elementor-widget elementor-widget-image\" data-id=\"a2df6a5\" data-element_type=\"widget\" data-e-type=\"widget\" data-widget_type=\"image.default\">\n\t\t\t\t<div class=\"elementor-widget-container\">\n\t\t\t\t\t\t\t\t\t\t\t\t\t\t\t<img fetchpriority=\"high\" decoding=\"async\" width=\"300\" height=\"323\" src=\"https:\/\/d-unas.com.mx\/mx\/wp-content\/uploads\/2026\/04\/Eco-beauty-300x323-1-1.png\" class=\"attachment-large size-large wp-image-1568\" alt=\"\" srcset=\"https:\/\/d-unas.com.mx\/mx\/wp-content\/uploads\/2026\/04\/Eco-beauty-300x323-1-1.png 300w, https:\/\/d-unas.com.mx\/mx\/wp-content\/uploads\/2026\/04\/Eco-beauty-300x323-1-1-279x300.png 279w\" sizes=\"(max-width: 300px) 100vw, 300px\" \/>\t\t\t\t\t\t\t\t\t\t\t\t\t\t\t<\/div>\n\t\t\t\t<\/div>\n\t\t\t\t<div class=\"elementor-element elementor-element-10507b6 elementor-widget elementor-widget-heading\" data-id=\"10507b6\" data-element_type=\"widget\" data-e-type=\"widget\" data-widget_type=\"heading.default\">\n\t\t\t\t<div class=\"elementor-widget-container\">\n\t\t\t\t\t<h2 class=\"elementor-heading-title elementor-size-default\">ECOBEAUTY<\/h2>\t\t\t\t<\/div>\n\t\t\t\t<\/div>\n\t\t\t\t<div class=\"elementor-element elementor-element-2513f8f elementor-widget elementor-widget-heading\" data-id=\"2513f8f\" data-element_type=\"widget\" data-e-type=\"widget\" data-widget_type=\"heading.default\">\n\t\t\t\t<div class=\"elementor-widget-container\">\n\t\t\t\t\t<h2 class=\"elementor-heading-title elementor-size-default\">Cuidamos de tu salud y del medio ambiente<\/h2>\t\t\t\t<\/div>\n\t\t\t\t<\/div>\n\t\t\t\t<div class=\"elementor-element elementor-element-2ceb903 elementor-widget__width-initial elementor-widget elementor-widget-text-editor\" data-id=\"2ceb903\" data-element_type=\"widget\" data-e-type=\"widget\" data-widget_type=\"text-editor.default\">\n\t\t\t\t<div class=\"elementor-widget-container\">\n\t\t\t\t\t\t\t\t\t<p>La especializaci\u00f3n, innovaci\u00f3n e introducci\u00f3n de mejoras es una constante en d-u\u00f1as. Hemos adaptado nuestra gama de productos hacia una l\u00ednea m\u00e1s natural y free, libre de productos t\u00f3xicos y nocivos para la salud y el medio ambiente.<\/p>\t\t\t\t\t\t\t\t<\/div>\n\t\t\t\t<\/div>\n\t\t\t\t<\/div>\n\t\t\t\t\t<\/div>\n\t\t\t\t<\/div>\n\t\t<div class=\"elementor-element elementor-element-28c09c5 e-flex e-con-boxed e-con e-parent\" data-id=\"28c09c5\" data-element_type=\"container\" data-e-type=\"container\">\n\t\t\t\t\t<div class=\"e-con-inner\">\n\t\t<div class=\"elementor-element elementor-element-b1512ed e-con-full e-flex e-con e-child\" data-id=\"b1512ed\" data-element_type=\"container\" data-e-type=\"container\">\n\t\t\t\t<div class=\"elementor-element elementor-element-0cfa8ed elementor-widget elementor-widget-image\" data-id=\"0cfa8ed\" data-element_type=\"widget\" data-e-type=\"widget\" data-widget_type=\"image.default\">\n\t\t\t\t<div class=\"elementor-widget-container\">\n\t\t\t\t\t\t\t\t\t\t\t\t\t\t\t<img decoding=\"async\" width=\"500\" height=\"750\" src=\"https:\/\/d-unas.com.mx\/mx\/wp-content\/uploads\/2026\/04\/somo-ecobeauty-d-unas.jpg\" class=\"attachment-large size-large wp-image-1566\" alt=\"\" srcset=\"https:\/\/d-unas.com.mx\/mx\/wp-content\/uploads\/2026\/04\/somo-ecobeauty-d-unas.jpg 500w, https:\/\/d-unas.com.mx\/mx\/wp-content\/uploads\/2026\/04\/somo-ecobeauty-d-unas-200x300.jpg 200w\" sizes=\"(max-width: 500px) 100vw, 500px\" \/>\t\t\t\t\t\t\t\t\t\t\t\t\t\t\t<\/div>\n\t\t\t\t<\/div>\n\t\t\t\t<\/div>\n\t\t<div class=\"elementor-element elementor-element-1edb210 e-con-full e-flex e-con e-child\" data-id=\"1edb210\" data-element_type=\"container\" data-e-type=\"container\">\n\t\t<div class=\"elementor-element elementor-element-493db78 e-con-full e-flex e-con e-child\" data-id=\"493db78\" data-element_type=\"container\" data-e-type=\"container\">\n\t\t\t\t<div class=\"elementor-element elementor-element-10b4007 elementor-widget__width-initial elementor-widget elementor-widget-image\" data-id=\"10b4007\" data-element_type=\"widget\" data-e-type=\"widget\" data-widget_type=\"image.default\">\n\t\t\t\t<div class=\"elementor-widget-container\">\n\t\t\t\t\t\t\t\t\t\t\t\t\t\t\t<img decoding=\"async\" width=\"242\" height=\"311\" src=\"https:\/\/d-unas.com.mx\/mx\/wp-content\/uploads\/2026\/04\/20-free.png\" class=\"attachment-large size-large wp-image-1567\" alt=\"\" srcset=\"https:\/\/d-unas.com.mx\/mx\/wp-content\/uploads\/2026\/04\/20-free.png 242w, https:\/\/d-unas.com.mx\/mx\/wp-content\/uploads\/2026\/04\/20-free-233x300.png 233w\" sizes=\"(max-width: 242px) 100vw, 242px\" \/>\t\t\t\t\t\t\t\t\t\t\t\t\t\t\t<\/div>\n\t\t\t\t<\/div>\n\t\t\t\t<\/div>\n\t\t<div class=\"elementor-element elementor-element-4e37178 e-con-full e-flex e-con e-child\" data-id=\"4e37178\" data-element_type=\"container\" data-e-type=\"container\">\n\t\t\t\t<div class=\"elementor-element elementor-element-b4ae9ce elementor-widget elementor-widget-heading\" data-id=\"b4ae9ce\" data-element_type=\"widget\" data-e-type=\"widget\" data-widget_type=\"heading.default\">\n\t\t\t\t<div class=\"elementor-widget-container\">\n\t\t\t\t\t<h2 class=\"elementor-heading-title elementor-size-default\">SELLO 2O<\/h2>\t\t\t\t<\/div>\n\t\t\t\t<\/div>\n\t\t\t\t<div class=\"elementor-element elementor-element-3fe7b1c elementor-widget elementor-widget-heading\" data-id=\"3fe7b1c\" data-element_type=\"widget\" data-e-type=\"widget\" data-widget_type=\"heading.default\">\n\t\t\t\t<div class=\"elementor-widget-container\">\n\t\t\t\t\t<h2 class=\"elementor-heading-title elementor-size-default\">FREE<\/h2>\t\t\t\t<\/div>\n\t\t\t\t<\/div>\n\t\t\t\t<\/div>\n\t\t\t\t<div class=\"elementor-element elementor-element-c862f7d elementor-widget elementor-widget-heading\" data-id=\"c862f7d\" data-element_type=\"widget\" data-e-type=\"widget\" data-widget_type=\"heading.default\">\n\t\t\t\t<div class=\"elementor-widget-container\">\n\t\t\t\t\t<h2 class=\"elementor-heading-title elementor-size-default\">Apostamos fuerte por la sostenibilidad<\/h2>\t\t\t\t<\/div>\n\t\t\t\t<\/div>\n\t\t\t\t<div class=\"elementor-element elementor-element-fda42b4 elementor-widget elementor-widget-text-editor\" data-id=\"fda42b4\" data-element_type=\"widget\" data-e-type=\"widget\" data-widget_type=\"text-editor.default\">\n\t\t\t\t<div class=\"elementor-widget-container\">\n\t\t\t\t\t\t\t\t\t<p>Sostenibilidad en lo que respecta a nuestro compromiso de\u00a0<span data-fusion-font=\"true\" data-fusion-google-font=\"Montserrat\" data-fusion-google-variant=\"500\">minimizar el impacto sobre el medio ambiente<\/span>, sin comprometer la calidad o cantidad de los recursos naturales, hoy o ma\u00f1ana.<\/p><p>Con el uso privilegiado de los\u00a0<span data-fusion-font=\"true\" data-fusion-google-font=\"Montserrat\" data-fusion-google-variant=\"500\">ingredientes naturales<\/span>, potenciados con tecnolog\u00edas de vanguardia en la cosm\u00e9tica.\u00a0Nuestros productos eliminan los ingredientes que pudieran ser no beneficiosos como los parabenos, alcanfor o formaldehidos entre otros. Nos esforzamos para garantizar rigurosamente la efectividad de nuestros productos y la seguridad de nuestros clientes.<\/p><p>En el desarrollo de nuestras propuestas y proyectos, de manera que existe un\u00a0<span data-fusion-font=\"true\" data-fusion-google-font=\"Montserrat\" data-fusion-google-variant=\"500\">equilibrio entre belleza y sostenibilidad<\/span>, con el objetivo de mejorar el mundo que nos rodea.<\/p><p>Sostenibilidad en cuanto a\u00a0<span data-fusion-font=\"true\" data-fusion-google-font=\"Montserrat\" data-fusion-google-variant=\"500\">\u00e9tica<\/span>\u00a0con nuestros clientes.<\/p>\t\t\t\t\t\t\t\t<\/div>\n\t\t\t\t<\/div>\n\t\t\t\t<\/div>\n\t\t\t\t\t<\/div>\n\t\t\t\t<\/div>\n\t\t<div class=\"elementor-element elementor-element-37f393b e-flex e-con-boxed e-con e-parent\" data-id=\"37f393b\" data-element_type=\"container\" data-e-type=\"container\">\n\t\t\t\t\t<div class=\"e-con-inner\">\n\t\t<div class=\"elementor-element elementor-element-e06251b e-con-full e-flex e-con e-child\" data-id=\"e06251b\" data-element_type=\"container\" data-e-type=\"container\">\n\t\t\t\t<div class=\"elementor-element elementor-element-a6bea6e elementor-widget elementor-widget-heading\" data-id=\"a6bea6e\" data-element_type=\"widget\" data-e-type=\"widget\" data-widget_type=\"heading.default\">\n\t\t\t\t<div class=\"elementor-widget-container\">\n\t\t\t\t\t<h2 class=\"elementor-heading-title elementor-size-default\">El producto estrella d-u\u00f1as es nuestro esmalte permanente Gel-IN<\/h2>\t\t\t\t<\/div>\n\t\t\t\t<\/div>\n\t\t\t\t<div class=\"elementor-element elementor-element-ac504ae elementor-widget elementor-widget-text-editor\" data-id=\"ac504ae\" data-element_type=\"widget\" data-e-type=\"widget\" data-widget_type=\"text-editor.default\">\n\t\t\t\t<div class=\"elementor-widget-container\">\n\t\t\t\t\t\t\t\t\t<div class=\"fusion-li-item-content\"><ul><li>Es un esmalte bio protector: embellece y cuida la u\u00f1a a la v<\/li><li>De larga duraci\u00f3n: permanece intacto durante 2 semanas.<\/li><li>Tiene el sello 20Free: lo que significa que no contiene ingredientes que podr\u00edan ser perjudiciales como:<\/li><\/ul><p><span style=\"color: #ff0000;\">x <\/span>Tolueno <span style=\"color: #ff0000;\">x<\/span> Parabenos <span style=\"color: #ff0000;\">x <\/span>Formaldeh\u00eddo <span style=\"color: #ff0000;\">x<\/span> Ftalato de dibutilo (DBP) xResina de folmaldeh\u00eddo <span style=\"color: #ff0000;\">x<\/span> Alcanfor xEtil fosilamida <span style=\"color: #ff0000;\">x<\/span> Xileno xMIT <span style=\"color: #ff0000;\">x<\/span>Ingredientes derivados de animales<\/p><div class=\"fusion-li-item-content\"><p>Todos los esmaltes d-u\u00f1as est\u00e1n fabricados en la UE (Uni\u00f3n Europea)<\/p><\/div><\/div>\t\t\t\t\t\t\t\t<\/div>\n\t\t\t\t<\/div>\n\t\t\t\t<\/div>\n\t\t<div class=\"elementor-element elementor-element-f962c3d e-con-full e-flex e-con e-child\" data-id=\"f962c3d\" data-element_type=\"container\" data-e-type=\"container\">\n\t\t\t\t<div class=\"elementor-element elementor-element-be52732 elementor-widget elementor-widget-image\" data-id=\"be52732\" data-element_type=\"widget\" data-e-type=\"widget\" data-widget_type=\"image.default\">\n\t\t\t\t<div class=\"elementor-widget-container\">\n\t\t\t\t\t\t\t\t\t\t\t\t\t\t\t<img loading=\"lazy\" decoding=\"async\" width=\"580\" height=\"492\" src=\"https:\/\/d-unas.com.mx\/mx\/wp-content\/uploads\/2026\/04\/Captura-de-pantalla-2025-07-10-123517-1.png\" class=\"attachment-large size-large wp-image-1565\" alt=\"\" srcset=\"https:\/\/d-unas.com.mx\/mx\/wp-content\/uploads\/2026\/04\/Captura-de-pantalla-2025-07-10-123517-1.png 599w, https:\/\/d-unas.com.mx\/mx\/wp-content\/uploads\/2026\/04\/Captura-de-pantalla-2025-07-10-123517-1-300x254.png 300w\" sizes=\"(max-width: 580px) 100vw, 580px\" \/>\t\t\t\t\t\t\t\t\t\t\t\t\t\t\t<\/div>\n\t\t\t\t<\/div>\n\t\t\t\t<\/div>\n\t\t\t\t\t<\/div>\n\t\t\t\t<\/div>\n\t\t\t\t<\/div>\n\t\t","protected":false},"excerpt":{"rendered":"<p>Somos Ecobeauty Equilibrio entre Belleza y Sostenibilidad ECOBEAUTY Cuidamos de tu salud y del medio ambiente La especializaci\u00f3n, innovaci\u00f3n e introducci\u00f3n de mejoras es una constante en d-u\u00f1as. Hemos adaptado nuestra gama de productos hacia una l\u00ednea m\u00e1s natural y free, libre de productos t\u00f3xicos y nocivos para la salud y el medio ambiente. SELLO [&hellip;]<\/p>\n","protected":false},"author":5,"featured_media":0,"parent":0,"menu_order":0,"comment_status":"closed","ping_status":"closed","template":"elementor_header_footer","meta":{"content-type":"","footnotes":""},"class_list":["post-1563","page","type-page","status-publish","hentry"],"yoast_head":"<!-- This site is optimized with the Yoast SEO plugin v27.4 - https:\/\/yoast.com\/product\/yoast-seo-wordpress\/ -->\n<title>Somos-ecobeauty - d-unas<\/title>\n<meta name=\"robots\" content=\"index, follow, max-snippet:-1, max-image-preview:large, max-video-preview:-1\" \/>\n<link rel=\"canonical\" href=\"https:\/\/d-unas.com.mx\/mx\/somos-ecobeauty\/\" \/>\n<meta property=\"og:locale\" content=\"es_ES\" \/>\n<meta property=\"og:type\" content=\"article\" \/>\n<meta property=\"og:title\" content=\"Somos-ecobeauty - d-unas\" \/>\n<meta property=\"og:description\" content=\"Somos Ecobeauty Equilibrio entre Belleza y Sostenibilidad ECOBEAUTY Cuidamos de tu salud y del medio ambiente La especializaci\u00f3n, innovaci\u00f3n e introducci\u00f3n de mejoras es una constante en d-u\u00f1as. Hemos adaptado nuestra gama de productos hacia una l\u00ednea m\u00e1s natural y free, libre de productos t\u00f3xicos y nocivos para la salud y el medio ambiente. SELLO [&hellip;]\" \/>\n<meta property=\"og:url\" content=\"https:\/\/d-unas.com.mx\/mx\/somos-ecobeauty\/\" \/>\n<meta property=\"og:site_name\" content=\"d-unas\" \/>\n<meta property=\"article:modified_time\" content=\"2026-04-15T16:30:47+00:00\" \/>\n<meta property=\"og:image\" content=\"https:\/\/d-unas.com.mx\/mx\/wp-content\/uploads\/2026\/04\/Eco-beauty-300x323-1-1.png\" \/>\n\t<meta property=\"og:image:width\" content=\"300\" \/>\n\t<meta property=\"og:image:height\" content=\"323\" \/>\n\t<meta property=\"og:image:type\" content=\"image\/png\" \/>\n<meta name=\"twitter:card\" content=\"summary_large_image\" \/>\n<meta name=\"twitter:label1\" content=\"Tiempo de lectura\" \/>\n\t<meta name=\"twitter:data1\" content=\"2 minutos\" \/>\n<script type=\"application\/ld+json\" class=\"yoast-schema-graph\">{\"@context\":\"https:\\\/\\\/schema.org\",\"@graph\":[{\"@type\":\"WebPage\",\"@id\":\"https:\\\/\\\/d-unas.com.mx\\\/mx\\\/somos-ecobeauty\\\/\",\"url\":\"https:\\\/\\\/d-unas.com.mx\\\/mx\\\/somos-ecobeauty\\\/\",\"name\":\"Somos-ecobeauty - d-unas\",\"isPartOf\":{\"@id\":\"https:\\\/\\\/d-unas.com.mx\\\/mx\\\/#website\"},\"primaryImageOfPage\":{\"@id\":\"https:\\\/\\\/d-unas.com.mx\\\/mx\\\/somos-ecobeauty\\\/#primaryimage\"},\"image\":{\"@id\":\"https:\\\/\\\/d-unas.com.mx\\\/mx\\\/somos-ecobeauty\\\/#primaryimage\"},\"thumbnailUrl\":\"https:\\\/\\\/d-unas.com.mx\\\/mx\\\/wp-content\\\/uploads\\\/2026\\\/04\\\/Eco-beauty-300x323-1-1.png\",\"datePublished\":\"2026-04-15T16:27:29+00:00\",\"dateModified\":\"2026-04-15T16:30:47+00:00\",\"breadcrumb\":{\"@id\":\"https:\\\/\\\/d-unas.com.mx\\\/mx\\\/somos-ecobeauty\\\/#breadcrumb\"},\"inLanguage\":\"es\",\"potentialAction\":[{\"@type\":\"ReadAction\",\"target\":[\"https:\\\/\\\/d-unas.com.mx\\\/mx\\\/somos-ecobeauty\\\/\"]}]},{\"@type\":\"ImageObject\",\"inLanguage\":\"es\",\"@id\":\"https:\\\/\\\/d-unas.com.mx\\\/mx\\\/somos-ecobeauty\\\/#primaryimage\",\"url\":\"https:\\\/\\\/d-unas.com.mx\\\/mx\\\/wp-content\\\/uploads\\\/2026\\\/04\\\/Eco-beauty-300x323-1-1.png\",\"contentUrl\":\"https:\\\/\\\/d-unas.com.mx\\\/mx\\\/wp-content\\\/uploads\\\/2026\\\/04\\\/Eco-beauty-300x323-1-1.png\",\"width\":300,\"height\":323},{\"@type\":\"BreadcrumbList\",\"@id\":\"https:\\\/\\\/d-unas.com.mx\\\/mx\\\/somos-ecobeauty\\\/#breadcrumb\",\"itemListElement\":[{\"@type\":\"ListItem\",\"position\":1,\"name\":\"Portada\",\"item\":\"https:\\\/\\\/d-unas.com.mx\\\/mx\\\/\"},{\"@type\":\"ListItem\",\"position\":2,\"name\":\"Somos-ecobeauty\"}]},{\"@type\":\"WebSite\",\"@id\":\"https:\\\/\\\/d-unas.com.mx\\\/mx\\\/#website\",\"url\":\"https:\\\/\\\/d-unas.com.mx\\\/mx\\\/\",\"name\":\"d-unas\",\"description\":\"\",\"publisher\":{\"@id\":\"https:\\\/\\\/d-unas.com.mx\\\/mx\\\/#organization\"},\"potentialAction\":[{\"@type\":\"SearchAction\",\"target\":{\"@type\":\"EntryPoint\",\"urlTemplate\":\"https:\\\/\\\/d-unas.com.mx\\\/mx\\\/?s={search_term_string}\"},\"query-input\":{\"@type\":\"PropertyValueSpecification\",\"valueRequired\":true,\"valueName\":\"search_term_string\"}}],\"inLanguage\":\"es\"},{\"@type\":\"Organization\",\"@id\":\"https:\\\/\\\/d-unas.com.mx\\\/mx\\\/#organization\",\"name\":\"d-unas\",\"url\":\"https:\\\/\\\/d-unas.com.mx\\\/mx\\\/\",\"logo\":{\"@type\":\"ImageObject\",\"inLanguage\":\"es\",\"@id\":\"https:\\\/\\\/d-unas.com.mx\\\/mx\\\/#\\\/schema\\\/logo\\\/image\\\/\",\"url\":\"https:\\\/\\\/d-unas.com.mx\\\/mx\\\/wp-content\\\/uploads\\\/2026\\\/04\\\/LOGO-D-UNAS.png\",\"contentUrl\":\"https:\\\/\\\/d-unas.com.mx\\\/mx\\\/wp-content\\\/uploads\\\/2026\\\/04\\\/LOGO-D-UNAS.png\",\"width\":349,\"height\":97,\"caption\":\"d-unas\"},\"image\":{\"@id\":\"https:\\\/\\\/d-unas.com.mx\\\/mx\\\/#\\\/schema\\\/logo\\\/image\\\/\"}}]}<\/script>\n<!-- \/ Yoast SEO plugin. -->","yoast_head_json":{"title":"Somos-ecobeauty - d-unas","robots":{"index":"index","follow":"follow","max-snippet":"max-snippet:-1","max-image-preview":"max-image-preview:large","max-video-preview":"max-video-preview:-1"},"canonical":"https:\/\/d-unas.com.mx\/mx\/somos-ecobeauty\/","og_locale":"es_ES","og_type":"article","og_title":"Somos-ecobeauty - d-unas","og_description":"Somos Ecobeauty Equilibrio entre Belleza y Sostenibilidad ECOBEAUTY Cuidamos de tu salud y del medio ambiente La especializaci\u00f3n, innovaci\u00f3n e introducci\u00f3n de mejoras es una constante en d-u\u00f1as. Hemos adaptado nuestra gama de productos hacia una l\u00ednea m\u00e1s natural y free, libre de productos t\u00f3xicos y nocivos para la salud y el medio ambiente. SELLO [&hellip;]","og_url":"https:\/\/d-unas.com.mx\/mx\/somos-ecobeauty\/","og_site_name":"d-unas","article_modified_time":"2026-04-15T16:30:47+00:00","og_image":[{"width":300,"height":323,"url":"https:\/\/d-unas.com.mx\/mx\/wp-content\/uploads\/2026\/04\/Eco-beauty-300x323-1-1.png","type":"image\/png"}],"twitter_card":"summary_large_image","twitter_misc":{"Tiempo de lectura":"2 minutos"},"schema":{"@context":"https:\/\/schema.org","@graph":[{"@type":"WebPage","@id":"https:\/\/d-unas.com.mx\/mx\/somos-ecobeauty\/","url":"https:\/\/d-unas.com.mx\/mx\/somos-ecobeauty\/","name":"Somos-ecobeauty - d-unas","isPartOf":{"@id":"https:\/\/d-unas.com.mx\/mx\/#website"},"primaryImageOfPage":{"@id":"https:\/\/d-unas.com.mx\/mx\/somos-ecobeauty\/#primaryimage"},"image":{"@id":"https:\/\/d-unas.com.mx\/mx\/somos-ecobeauty\/#primaryimage"},"thumbnailUrl":"https:\/\/d-unas.com.mx\/mx\/wp-content\/uploads\/2026\/04\/Eco-beauty-300x323-1-1.png","datePublished":"2026-04-15T16:27:29+00:00","dateModified":"2026-04-15T16:30:47+00:00","breadcrumb":{"@id":"https:\/\/d-unas.com.mx\/mx\/somos-ecobeauty\/#breadcrumb"},"inLanguage":"es","potentialAction":[{"@type":"ReadAction","target":["https:\/\/d-unas.com.mx\/mx\/somos-ecobeauty\/"]}]},{"@type":"ImageObject","inLanguage":"es","@id":"https:\/\/d-unas.com.mx\/mx\/somos-ecobeauty\/#primaryimage","url":"https:\/\/d-unas.com.mx\/mx\/wp-content\/uploads\/2026\/04\/Eco-beauty-300x323-1-1.png","contentUrl":"https:\/\/d-unas.com.mx\/mx\/wp-content\/uploads\/2026\/04\/Eco-beauty-300x323-1-1.png","width":300,"height":323},{"@type":"BreadcrumbList","@id":"https:\/\/d-unas.com.mx\/mx\/somos-ecobeauty\/#breadcrumb","itemListElement":[{"@type":"ListItem","position":1,"name":"Portada","item":"https:\/\/d-unas.com.mx\/mx\/"},{"@type":"ListItem","position":2,"name":"Somos-ecobeauty"}]},{"@type":"WebSite","@id":"https:\/\/d-unas.com.mx\/mx\/#website","url":"https:\/\/d-unas.com.mx\/mx\/","name":"d-unas","description":"","publisher":{"@id":"https:\/\/d-unas.com.mx\/mx\/#organization"},"potentialAction":[{"@type":"SearchAction","target":{"@type":"EntryPoint","urlTemplate":"https:\/\/d-unas.com.mx\/mx\/?s={search_term_string}"},"query-input":{"@type":"PropertyValueSpecification","valueRequired":true,"valueName":"search_term_string"}}],"inLanguage":"es"},{"@type":"Organization","@id":"https:\/\/d-unas.com.mx\/mx\/#organization","name":"d-unas","url":"https:\/\/d-unas.com.mx\/mx\/","logo":{"@type":"ImageObject","inLanguage":"es","@id":"https:\/\/d-unas.com.mx\/mx\/#\/schema\/logo\/image\/","url":"https:\/\/d-unas.com.mx\/mx\/wp-content\/uploads\/2026\/04\/LOGO-D-UNAS.png","contentUrl":"https:\/\/d-unas.com.mx\/mx\/wp-content\/uploads\/2026\/04\/LOGO-D-UNAS.png","width":349,"height":97,"caption":"d-unas"},"image":{"@id":"https:\/\/d-unas.com.mx\/mx\/#\/schema\/logo\/image\/"}}]}},"_links":{"self":[{"href":"https:\/\/d-unas.com.mx\/mx\/wp-json\/wp\/v2\/pages\/1563","targetHints":{"allow":["GET"]}}],"collection":[{"href":"https:\/\/d-unas.com.mx\/mx\/wp-json\/wp\/v2\/pages"}],"about":[{"href":"https:\/\/d-unas.com.mx\/mx\/wp-json\/wp\/v2\/types\/page"}],"author":[{"embeddable":true,"href":"https:\/\/d-unas.com.mx\/mx\/wp-json\/wp\/v2\/users\/5"}],"replies":[{"embeddable":true,"href":"https:\/\/d-unas.com.mx\/mx\/wp-json\/wp\/v2\/comments?post=1563"}],"version-history":[{"count":10,"href":"https:\/\/d-unas.com.mx\/mx\/wp-json\/wp\/v2\/pages\/1563\/revisions"}],"predecessor-version":[{"id":1579,"href":"https:\/\/d-unas.com.mx\/mx\/wp-json\/wp\/v2\/pages\/1563\/revisions\/1579"}],"wp:attachment":[{"href":"https:\/\/d-unas.com.mx\/mx\/wp-json\/wp\/v2\/media?parent=1563"}],"curies":[{"name":"wp","href":"https:\/\/api.w.org\/{rel}","templated":true}]}}